{"id":1303,"date":"2019-03-23T10:48:18","date_gmt":"2019-03-23T10:48:18","guid":{"rendered":"http:\/\/porabik.pl\/komitet\/?page_id=1303"},"modified":"2020-03-21T13:06:59","modified_gmt":"2020-03-21T13:06:59","slug":"oom-2018-2","status":"publish","type":"page","link":"https:\/\/mozp.pl\/rekordy\/?page_id=1303","title":{"rendered":"OOM 2018"},"content":{"rendered":"<p><span style=\"font-family: 'arial black', sans-serif; font-size: 14pt;\"><a href=\"http:\/\/porabik.pl\/komitet\/wp-content\/uploads\/2018\/07\/OOM-wojew.pdf\">Aktualna lista zakwalifikowanych zawodnik\u00f3w do OOM 2018 w podziale na wojew\u00f3dztwa<\/a><\/span><\/p>\n<p><span style=\"font-family: 'arial black', sans-serif;\"><a href=\"http:\/\/porabik.pl\/komitet\/wp-content\/uploads\/2018\/06\/OOM-kobiety.pdf\">Lista zakwalifikowanych zawodniczek do OOM 2018 (ranking 80 zawodniczek)<\/a><\/span><\/p>\n<p><a href=\"http:\/\/porabik.pl\/komitet\/wp-content\/uploads\/2018\/06\/OOM-men.pdf\"><span style=\"font-family: 'arial black', sans-serif;\">Lista zakwalifikowanych zawodnik\u00f3w do OOM 2018 (ranking 100 zawodnik\u00f3w<\/span>)<\/a><\/p>\n<p><span style=\"color: #ff0000; font-family: arial, helvetica, sans-serif;\">Zgodnie z uchwa\u0142\u0105 Zarz\u0105du PZP na Og\u00f3lnopolsk\u0105 Olimpiad\u0119 M\u0142odzie\u017cy w Gliwicach kwalifikuje si\u0119 80 zawodniczek i 100 zawodnik\u00f3w wg rankingu punktowego FINA 2017 (p\u0142ywalnia 25m i 50m). Za nieobecnych zakwalifikowanych zawodnik\u00f3w wchodz\u0105 odpowiednio zawodniczki lub zawodnicy z listy rezerwowej.<\/span><\/p>\n<p><span style=\"color: #ff0000; font-family: 'arial black', sans-serif;\">Prosimy przedstawicieli Okr\u0119gowych Zwi\u0105zk\u00f3w P\u0142ywackich o potwierdzenie udzia\u0142u zawodnik\u00f3w zakwalifikowanych na adres robertbrus@poczta.onet.pl\u00a0<\/span><\/p>\n","protected":false},"excerpt":{"rendered":"<p>Aktualna lista zakwalifikowanych zawodnik\u00f3w do OOM 2018 w podziale na wojew\u00f3dztwa Lista zakwalifikowanych zawodniczek do OOM 2018 (ranking 80 zawodniczek) Lista zakwalifikowanych zawodnik\u00f3w do OOM 2018 (ranking 100 zawodnik\u00f3w) Zgodnie z uchwa\u0142\u0105 Zarz\u0105du PZP na Og\u00f3lnopolsk\u0105 Olimpiad\u0119 M\u0142odzie\u017cy w Gliwicach kwalifikuje si\u0119 80 zawodniczek i 100 zawodnik\u00f3w wg rankingu punktowego FINA 2017 (p\u0142ywalnia 25m i<a class=\"moretag\" href=\"https:\/\/mozp.pl\/rekordy\/?page_id=1303\"><span class=\"screen-reader-text\">Wi\u0119cej oOOM 2018<\/span>[&#8230;]<\/a><\/p>\n","protected":false},"author":1,"featured_media":0,"parent":0,"menu_order":0,"comment_status":"closed","ping_status":"closed","template":"","meta":[],"_links":{"self":[{"href":"https:\/\/mozp.pl\/rekordy\/index.php?rest_route=\/wp\/v2\/pages\/1303"}],"collection":[{"href":"https:\/\/mozp.pl\/rekordy\/index.php?rest_route=\/wp\/v2\/pages"}],"about":[{"href":"https:\/\/mozp.pl\/rekordy\/index.php?rest_route=\/wp\/v2\/types\/page"}],"author":[{"embeddable":true,"href":"https:\/\/mozp.pl\/rekordy\/index.php?rest_route=\/wp\/v2\/users\/1"}],"replies":[{"embeddable":true,"href":"https:\/\/mozp.pl\/rekordy\/index.php?rest_route=%2Fwp%2Fv2%2Fcomments&post=1303"}],"version-history":[{"count":3,"href":"https:\/\/mozp.pl\/rekordy\/index.php?rest_route=\/wp\/v2\/pages\/1303\/revisions"}],"predecessor-version":[{"id":1510,"href":"https:\/\/mozp.pl\/rekordy\/index.php?rest_route=\/wp\/v2\/pages\/1303\/revisions\/1510"}],"wp:attachment":[{"href":"https:\/\/mozp.pl\/rekordy\/index.php?rest_route=%2Fwp%2Fv2%2Fmedia&parent=1303"}],"curies":[{"name":"wp","href":"https:\/\/api.w.org\/{rel}","templated":true}]}}