{"id":200,"date":"2017-02-14T16:38:10","date_gmt":"2017-02-14T16:38:10","guid":{"rendered":"http:\/\/porabik.pl\/komitet\/?page_id=200"},"modified":"2017-02-23T07:33:21","modified_gmt":"2017-02-23T07:33:21","slug":"regulamin-warunki-ustanowienia-rekordu-polski","status":"publish","type":"page","link":"https:\/\/mozp.pl\/rekordy\/?page_id=200","title":{"rendered":"Rekordu Polski"},"content":{"rendered":"<p><span style=\"font-family: 'arial black', sans-serif; font-size: 24pt;\"><strong><u>Regulamin zatwierdzenia Rekordu Polski. <\/u><\/strong><\/span><\/p>\n<p><span style=\"font-family: 'arial black', sans-serif; font-size: 12pt;\">1. Niniejszy regulamin okre\u015bla zasady ustanawiania i uznawania rekord\u00f3w Polski w poszczeg\u00f3lnych kategoriach wiekowych.<\/span><\/p>\n<p><span style=\"font-family: 'arial black', sans-serif; font-size: 12pt;\">2. Rejestr Rekord\u00f3w Polski jest prowadzony przez Polski Zwi\u0105zek P\u0142ywacki (zwany dalej PZP).<\/span><\/p>\n<p><span style=\"font-family: 'arial black', sans-serif; font-size: 12pt;\">3. PZP prowadzi rejestry rekord\u00f3w Polski oddzielnie uzyskanych na p\u0142ywalniach 25m i 50m, posiadaj\u0105cych metryki pomiaru d\u0142ugo\u015b\u0107 (homologacje).<\/span><\/p>\n<p><span style=\"font-family: 'arial black', sans-serif; font-size: 12pt;\">4. Rekordy Polski mog\u0105 by\u0107 ustanawiane w nast\u0119puj\u0105cych kategoriach wiekowych: 14, 15, 16, 17, 18, 19-23 lata i senior\u00f3w (open). Dopuszcza si\u0119 mo\u017cliwo\u015b\u0107 ustanowienia rekordu Polski w starszej kategorii, przez p\u0142ywaka z m\u0142odszej kategorii wiekowej.<\/span><\/p>\n<p><span style=\"font-family: 'arial black', sans-serif; font-size: 12pt;\">5. Rekordy Polski we wszystkich podanych kategoriach wiekowych rejestrowane s\u0105 w konkurencjach obj\u0119tych og\u00f3lnopolskim systemem wsp\u00f3\u0142zawodnictwa.<\/span><\/p>\n<p><span style=\"font-family: 'arial black', sans-serif; font-size: 12pt;\">6. W konkurencjach sztafetowych ustanawiane s\u0105 rekordy Polski: zespo\u0142\u00f3w klubowych oraz rekordy reprezentacji Polski. Sztafeta z\u0142o\u017cona z zawodnik\u00f3w r\u00f3\u017cnych rocznik\u00f3w mo\u017ce ustanowi\u0107 rekord w kategorii wiekowej najstarszego zawodnika.<\/span><\/p>\n<p><span style=\"font-family: 'arial black', sans-serif; font-size: 12pt;\">7. Rekordy Polski ustanowione podczas Mistrzostw Polski i Grand Prix oraz zawod\u00f3w organizowanych przez FINA lub LEN, we wszystkich kategoriach wiekowych b\u0119d\u0105 uznawane automatycznie.<\/span><\/p>\n<p><span style=\"font-family: 'arial black', sans-serif; font-size: 12pt;\">8. Rekordy Polski ustanowione podczas innych zawod\u00f3w ni\u017c okre\u015blone w pkt. 7, we wszystkich kategoriach wiekowych, b\u0119d\u0105 uznane po spe\u0142nieniu nast\u0119puj\u0105cych warunk\u00f3w:<\/span><\/p>\n<p><span style=\"font-family: 'arial black', sans-serif; font-size: 12pt;\">a) p\u0142ywalnia na kt\u00f3rej ustanowiono rekordowy czas posiada homologacj\u0119 PZP lub innej narodowej federacji p\u0142ywackiej,<\/span><\/p>\n<p><span style=\"font-family: 'arial black', sans-serif; font-size: 12pt;\">b) zastosowano automatyczny pomiar czasu z aktualn\u0105 homologacj\u0105,<\/span><\/p>\n<p><span style=\"font-family: 'arial black', sans-serif; font-size: 12pt;\">c) sk\u0142ad komisji s\u0119dziowskiej zosta\u0142 wyznaczony przez Kolegium S\u0119dzi\u00f3w PZP, OZP lub na zawodach rozgrywanych za granic\u0105 RP, innej federacji,<\/span><\/p>\n<p><span style=\"font-family: 'arial black', sans-serif; font-size: 12pt;\">d) zawodnik musi posiada\u0107 aktualn\u0105 licencj\u0119 zawodnicz\u0105 PZP oraz posiada\u0107 obywatelstwo polskie, Kart\u0119 Polaka lub by\u0107 ma\u0142oletnim sportowcem zamieszkuj\u0105cym w Polsce, kt\u00f3rego przynajmniej jedno z rodzic\u00f3w uzyska\u0142o obywatelstwo polskie na podstawie przepis\u00f3w ustawy o repatriacji z dnia 9 listopada 2000 r. (Dz.U. z 2004 r. Nr 53, poz. 53, 532, ze zm.),<\/span><\/p>\n<p><span style=\"font-family: 'arial black', sans-serif; font-size: 12pt;\">e) przes\u0142anie przez organizatora zawod\u00f3w do Zespo\u0142u Komisji P\u0142ywania na adres:<\/span><\/p>\n<p><span style=\"font-family: 'arial black', sans-serif; font-size: 12pt;\">Komisja P\u0142ywania \u2013 Robert Brus, ul. Grochowska 20, 31-521 Krak\u00f3w, nast\u0119puj\u0105cych dokument\u00f3w:<\/span><\/p>\n<ul style=\"list-style-type: square;\">\n<li><span style=\"font-family: 'arial black', sans-serif; font-size: 12pt;\">karty startowej z wynikiem rekordowym, podpisanej przez S\u0119dziego G\u0142\u00f3wnego zawod\u00f3w;<\/span><\/li>\n<li><span style=\"font-family: 'arial black', sans-serif; font-size: 12pt;\">wydruku z aparatury pomiarowej,<\/span><\/li>\n<li><span style=\"font-family: 'arial black', sans-serif; font-size: 12pt;\">kserokopii homologacji obiektu;<\/span><\/li>\n<li><span style=\"font-family: 'arial black', sans-serif; font-size: 12pt;\">druku zg\u0142oszenia rekordu ( za\u0142\u0105cznik nr 1 do regulaminu)<\/span><\/li>\n<\/ul>\n<p><span style=\"font-family: 'arial black', sans-serif; font-size: 12pt;\">9. Wynik rekordowy uzyskany podczas zawod\u00f3w za granic\u0105 RP, na zawodach innych ni\u017c wymienione w pkt 7., b\u0119dzie uznawany za Rekord Polski, je\u015bli zostan\u0105 spe\u0142nione warunki w pkt 8.<\/span><\/p>\n<p><span style=\"font-family: 'arial black', sans-serif; font-size: 12pt;\">10. Warunkiem niezb\u0119dnym do uznania Rekordu Polski w kategorii senior\u00f3w (open) kobiet i m\u0119\u017cczyzn w konkurencjach indywidualnych jest poddanie si\u0119 przez zawodnika\/zawodniczk\u0119 podczas zawod\u00f3w kontroli antydopingowej i uzyskanie wyniku negatywnego. Je\u015bli podczas zawod\u00f3w nie by\u0142o mo\u017cliwo\u015bci poddania si\u0119 kontroli antydopingowej zawodnik\/zawodniczka musi wzi\u0105\u0107 udzia\u0142 w badaniu antydopingowym w ci\u0105gu 24 godzin od zako\u0144czenia zawod\u00f3w. \u00a0 <\/span><span style=\"font-family: 'arial black', sans-serif; font-size: 12pt;\">W przypadku braku badania antydopingowego lub pozytywnego wyniku badania, rekord Polski w kategorii senior\u00f3w (open) nie zostanie uznany.<\/span><\/p>\n<p><span style=\"font-family: 'arial black', sans-serif; font-size: 12pt;\">11. Nie b\u0119d\u0105 uznawane rekordy Polski uzyskane:<\/span><\/p>\n<ul style=\"list-style-type: disc;\">\n<li><span style=\"font-family: 'arial black', sans-serif; font-size: 12pt;\">w indywidualnych pr\u00f3bach.<\/span><\/li>\n<li><span style=\"font-family: 'arial black', sans-serif; font-size: 12pt;\">wynik pierwszej zmiany sztafetowej mix\/mieszanej<\/span><\/li>\n<li><span style=\"font-family: 'arial black', sans-serif; font-size: 12pt;\">wynik uzyskany w konkurencji sztafetowej przez zawodnika II, III, IV zmiany sztafetowej (tzw. czas lotny)<\/span><\/li>\n<\/ul>\n<p>&nbsp;<\/p>\n<p><span style=\"font-size: 18pt;\"><a href=\"http:\/\/porabik.pl\/komitet\/wp-content\/uploads\/2017\/02\/zal-1.pdf\">Za\u0142\u0105cznik nr 1 do regulaminu rekordu Polski<\/a><\/span><\/p>\n<p>&nbsp;<\/p>\n","protected":false},"excerpt":{"rendered":"<p>Regulamin zatwierdzenia Rekordu Polski. 1. Niniejszy regulamin okre\u015bla zasady ustanawiania i uznawania rekord\u00f3w Polski w poszczeg\u00f3lnych kategoriach wiekowych. 2. Rejestr Rekord\u00f3w Polski jest prowadzony przez Polski Zwi\u0105zek P\u0142ywacki (zwany dalej PZP). 3. PZP prowadzi rejestry rekord\u00f3w Polski oddzielnie uzyskanych na p\u0142ywalniach 25m i 50m, posiadaj\u0105cych metryki pomiaru d\u0142ugo\u015b\u0107 (homologacje). 4. Rekordy Polski mog\u0105 by\u0107 ustanawiane<a class=\"moretag\" href=\"https:\/\/mozp.pl\/rekordy\/?page_id=200\"><span class=\"screen-reader-text\">Wi\u0119cej oRekordu Polski<\/span>[&#8230;]<\/a><\/p>\n","protected":false},"author":1,"featured_media":0,"parent":0,"menu_order":0,"comment_status":"closed","ping_status":"closed","template":"","meta":[],"_links":{"self":[{"href":"https:\/\/mozp.pl\/rekordy\/index.php?rest_route=\/wp\/v2\/pages\/200"}],"collection":[{"href":"https:\/\/mozp.pl\/rekordy\/index.php?rest_route=\/wp\/v2\/pages"}],"about":[{"href":"https:\/\/mozp.pl\/rekordy\/index.php?rest_route=\/wp\/v2\/types\/page"}],"author":[{"embeddable":true,"href":"https:\/\/mozp.pl\/rekordy\/index.php?rest_route=\/wp\/v2\/users\/1"}],"replies":[{"embeddable":true,"href":"https:\/\/mozp.pl\/rekordy\/index.php?rest_route=%2Fwp%2Fv2%2Fcomments&post=200"}],"version-history":[{"count":13,"href":"https:\/\/mozp.pl\/rekordy\/index.php?rest_route=\/wp\/v2\/pages\/200\/revisions"}],"predecessor-version":[{"id":438,"href":"https:\/\/mozp.pl\/rekordy\/index.php?rest_route=\/wp\/v2\/pages\/200\/revisions\/438"}],"wp:attachment":[{"href":"https:\/\/mozp.pl\/rekordy\/index.php?rest_route=%2Fwp%2Fv2%2Fmedia&parent=200"}],"curies":[{"name":"wp","href":"https:\/\/api.w.org\/{rel}","templated":true}]}}