{"id":23,"date":"2017-01-30T08:45:53","date_gmt":"2017-01-30T08:45:53","guid":{"rendered":"http:\/\/porabik.pl\/komitet\/?page_id=23"},"modified":"2021-09-08T19:04:39","modified_gmt":"2021-09-08T19:04:39","slug":"dmmm-1213lat","status":"publish","type":"page","link":"https:\/\/mozp.pl\/rekordy\/?page_id=23","title":{"rendered":"DMMM 12\/13LAT"},"content":{"rendered":"<h2 style=\"text-align: center;\"><a href=\"http:\/\/porabik.pl\/komitet\/wp-content\/uploads\/2021\/09\/wyniki-zbiorcze-13lat.pdf\">DMMM 13 lat klasyfikacja dru\u017cynowa 2021<\/a><\/h2>\n<h2 style=\"text-align: center;\"><a href=\"http:\/\/porabik.pl\/komitet\/wp-content\/uploads\/2021\/09\/klasyfikacja-ko\u0144cowa-I-i-II-runda-12-lat.pdf\">DMMM 12 lat klasyfikacja dru\u017cynowa 2021<\/a><\/h2>\n<h3 style=\"text-align: center;\"><a href=\"http:\/\/porabik.pl\/komitet\/wp-content\/uploads\/2020\/05\/MDMM-13-lat-klasyfikacja-dru\u017cynowa-2019.pdf\"><strong>MDMM 13 lat klasyfikacja dru\u017cynowa 2019<\/strong><\/a><\/h3>\n<h3 style=\"text-align: center;\"><strong><a href=\"http:\/\/porabik.pl\/komitet\/wp-content\/uploads\/2020\/05\/MDMM-13-lat-klasyfikacja-dru\u017cynowa-2019-szczeg\u00f3\u0142y.pdf\">MDMM 13 lat klasyfikacja dru\u017cynowa 2019 szczeg\u00f3\u0142y<\/a><\/strong><\/h3>\n<h3 style=\"text-align: center;\"><span style=\"color: #33cccc;\"><strong><a style=\"color: #33cccc;\" href=\"http:\/\/porabik.pl\/komitet\/wp-content\/uploads\/2020\/05\/MDMM-12-lat-klasyfikacja-dru\u017cynowa-2019.pdf\">MDMM 12 lat klasyfikacja dru\u017cynowa 2019<\/a><\/strong><\/span><\/h3>\n<h3 style=\"text-align: center;\"><span style=\"color: #33cccc;\"><strong><a style=\"color: #33cccc;\" href=\"http:\/\/porabik.pl\/komitet\/wp-content\/uploads\/2020\/05\/MDMM-12-lat-klasyfikacja-dru\u017cynowa-2019-szczeg\u00f3\u0142y.pdf\">MDMM 12 lat klasyfikacja dru\u017cynowa 2019 szczeg\u00f3\u0142y<\/a><\/strong><\/span><\/h3>\n<p style=\"text-align: center;\"><span style=\"font-size: 18pt; color: #00ccff;\">\u223c\u223c\u223c\u223c\u223c\u223c\u223c\u223c\u223c\u223c\u223c\u223c\u223c\u223c\u223c\u223c\u223c\u223c\u223c\u223c\u223c\u223c\u223c\u223c\u223c\u223c\u223c\u223c\u223c\u223c\u223c\u223c\u223c\u223c\u223c\u223c\u223c\u223c\u223c\u223c\u223c\u223c\u223c\u223c\u223c\u223c\u223c\u223c\u223c\u223c\u223c\u223c\u223c\u223c\u223c\u223c\u223c\u223c\u223c\u223c\u223c\u223c\u223c<\/span><\/p>\n<p style=\"text-align: center;\"><span style=\"font-family: 'arial black', sans-serif; font-size: 18pt;\"><a href=\"http:\/\/porabik.pl\/komitet\/wp-content\/uploads\/2018\/06\/punktacja-12lat-2018.pdf\">Ko\u0144cowa punktacja dru\u017cynowa DMMM 12 lat rok 2018<\/a><\/span><\/p>\n<p style=\"text-align: center;\">&#8230;&#8230;&#8230;&#8230;<\/p>\n<p style=\"text-align: center;\"><span style=\"font-family: 'arial black', sans-serif; font-size: 18pt;\"><a href=\"http:\/\/porabik.pl\/komitet\/wp-content\/uploads\/2018\/06\/punktacja-13lat-koncowa-2018-1.pdf\">Ko\u0144cowa punktacja dru\u017cynowa DMMM 13 lat rok 2018<\/a><\/span><\/p>\n<p style=\"text-align: center;\"><span style=\"font-family: 'arial black', sans-serif; font-size: 18pt;\"><a href=\"http:\/\/porabik.pl\/komitet\/wp-content\/uploads\/2017\/01\/pkt-12lat-2017.pdf\">Ko\u0144cowa punktacja dru\u017cynowa DMMM 12 lat rok 2017<\/a><\/span><\/p>\n<p style=\"text-align: center;\">&#8230;&#8230;..<\/p>\n<p style=\"text-align: center;\"><span style=\"color: #ff0000; font-family: 'arial black', sans-serif; font-size: 18pt;\"><a href=\"http:\/\/porabik.pl\/komitet\/wp-content\/uploads\/2017\/01\/2017druzynowa13lat-1.pdf\">Ko\u0144cowa punktacja dru\u017cynowa DMMM 13 lat rok 2017<\/a><\/span><\/p>\n","protected":false},"excerpt":{"rendered":"<p>DMMM 13 lat klasyfikacja dru\u017cynowa 2021 DMMM 12 lat klasyfikacja dru\u017cynowa 2021 MDMM 13 lat klasyfikacja dru\u017cynowa 2019 MDMM 13 lat klasyfikacja dru\u017cynowa 2019 szczeg\u00f3\u0142y MDMM 12 lat klasyfikacja dru\u017cynowa 2019 MDMM 12 lat klasyfikacja dru\u017cynowa 2019 szczeg\u00f3\u0142y \u223c\u223c\u223c\u223c\u223c\u223c\u223c\u223c\u223c\u223c\u223c\u223c\u223c\u223c\u223c\u223c\u223c\u223c\u223c\u223c\u223c\u223c\u223c\u223c\u223c\u223c\u223c\u223c\u223c\u223c\u223c\u223c\u223c\u223c\u223c\u223c\u223c\u223c\u223c\u223c\u223c\u223c\u223c\u223c\u223c\u223c\u223c\u223c\u223c\u223c\u223c\u223c\u223c\u223c\u223c\u223c\u223c\u223c\u223c\u223c\u223c\u223c\u223c Ko\u0144cowa punktacja dru\u017cynowa DMMM 12 lat rok 2018 &#8230;&#8230;&#8230;&#8230; Ko\u0144cowa punktacja dru\u017cynowa DMMM 13 lat rok<a class=\"moretag\" href=\"https:\/\/mozp.pl\/rekordy\/?page_id=23\"><span class=\"screen-reader-text\">Wi\u0119cej oDMMM 12\/13LAT<\/span>[&#8230;]<\/a><\/p>\n","protected":false},"author":1,"featured_media":0,"parent":0,"menu_order":0,"comment_status":"closed","ping_status":"closed","template":"","meta":[],"_links":{"self":[{"href":"https:\/\/mozp.pl\/rekordy\/index.php?rest_route=\/wp\/v2\/pages\/23"}],"collection":[{"href":"https:\/\/mozp.pl\/rekordy\/index.php?rest_route=\/wp\/v2\/pages"}],"about":[{"href":"https:\/\/mozp.pl\/rekordy\/index.php?rest_route=\/wp\/v2\/types\/page"}],"author":[{"embeddable":true,"href":"https:\/\/mozp.pl\/rekordy\/index.php?rest_route=\/wp\/v2\/users\/1"}],"replies":[{"embeddable":true,"href":"https:\/\/mozp.pl\/rekordy\/index.php?rest_route=%2Fwp%2Fv2%2Fcomments&post=23"}],"version-history":[{"count":80,"href":"https:\/\/mozp.pl\/rekordy\/index.php?rest_route=\/wp\/v2\/pages\/23\/revisions"}],"predecessor-version":[{"id":1786,"href":"https:\/\/mozp.pl\/rekordy\/index.php?rest_route=\/wp\/v2\/pages\/23\/revisions\/1786"}],"wp:attachment":[{"href":"https:\/\/mozp.pl\/rekordy\/index.php?rest_route=%2Fwp%2Fv2%2Fmedia&parent=23"}],"curies":[{"name":"wp","href":"https:\/\/api.w.org\/{rel}","templated":true}]}}