{"id":302,"date":"2017-02-17T07:32:18","date_gmt":"2017-02-17T07:32:18","guid":{"rendered":"http:\/\/porabik.pl\/komitet\/?page_id=302"},"modified":"2021-09-08T18:57:13","modified_gmt":"2021-09-08T18:57:13","slug":"dwpd-1011lat","status":"publish","type":"page","link":"https:\/\/mozp.pl\/rekordy\/?page_id=302","title":{"rendered":"DWPD 10\/11LAT"},"content":{"rendered":"<h2 style=\"text-align: center;\"><strong><span style=\"color: #ff0000;\"><a style=\"color: #ff0000;\" href=\"http:\/\/porabik.pl\/komitet\/wp-content\/uploads\/2021\/09\/klasyfikacja-dru\u017cynowa-10-11-lat.pdf\">Dru\u017cynowy Wielob\u00f3j P\u0142ywacki &#8211; klasyfikacja dru\u017cynowa 10 i 11 lat &#8211; punktacja dru\u017cynowa 2021<\/a><\/span><\/strong><\/h2>\n<p style=\"text-align: center;\"><span style=\"color: #00ccff; font-family: 'arial black', sans-serif; font-size: 14pt;\"><a style=\"color: #00ccff;\" href=\"http:\/\/porabik.pl\/komitet\/wp-content\/uploads\/2019\/09\/punktacja-dru\u017cynowa-DWP-10-lat-2019-polska.pdf\">Dru\u017cynowy Wielob\u00f3j P\u0142ywacki dzieci 10 lat &#8211; punktacja dru\u017cynowa za rok 2019<\/a><\/span><\/p>\n<p style=\"text-align: center;\"><span style=\"color: #00ccff; font-family: 'arial black', sans-serif; font-size: 14pt;\"><a style=\"color: #00ccff;\" href=\"http:\/\/porabik.pl\/komitet\/wp-content\/uploads\/2019\/09\/punktacja-dru\u017cynowa-DWP-10-lat-2019-polska-szczeg\u00f3\u0142y.pdf\">Dru\u017cynowy Wielob\u00f3j P\u0142ywacki 10 lat &#8211; punktacja dru\u017cynowa za rok 2019 &#8211; szczeg\u00f3\u0142y\u00a0<\/a><\/span><\/p>\n<p style=\"text-align: center;\"><span style=\"font-size: 14pt; font-family: 'arial black', sans-serif; color: #00ccff;\"><strong>\u00a0<\/strong><\/span><\/p>\n<h3 style=\"text-align: center;\"><span style=\"color: #00ccff; font-family: 'arial black', sans-serif; font-size: 14pt;\"><a href=\"http:\/\/porabik.pl\/komitet\/wp-content\/uploads\/2020\/05\/punktacja-dru\u017cynowa-DWP-11-lat-2019-polska.pdf\">Dru\u017cynowy Wielob\u00f3j P\u0142ywacki dzieci 11 lat &#8211; punktacja dru\u017cynowa za rok 2019<\/a> <\/span><\/h3>\n<h3 style=\"text-align: center;\"><a href=\"http:\/\/porabik.pl\/komitet\/wp-content\/uploads\/2020\/05\/punktacja-dru\u017cynowa-DWP-11-lat-2019-polska-szczeg\u00f3\u0142y.pdf\"><strong>Dru\u017cynowy Wielob\u00f3j P\u0142ywacki dzieci 11 lat &#8211; punktacja dru\u017cynowa za rok 2019- szczeg\u00f3\u0142y<\/strong>\u00a0<\/a><\/h3>\n<h2 style=\"text-align: center;\"><strong>&#8230;&#8230;&#8230;&#8230;&#8230;&#8230;<\/strong><\/h2>\n<p style=\"text-align: center;\"><span style=\"font-family: 'arial black', sans-serif; font-size: 18pt;\"><a href=\"http:\/\/porabik.pl\/komitet\/wp-content\/uploads\/2018\/07\/druzynowa-11-latkow-1.pdf\">Punktacja dru\u017cynowa Dru\u017cynowego Wieloboju P\u0142ywackiego dzieci 11 lat za rok 2018<\/a><\/span><\/p>\n<p style=\"text-align: center;\"><span style=\"font-size: 18pt;\"><span style=\"font-family: 'arial black', sans-serif;\">&#8230;&#8230;&#8230;&#8230;.<\/span><\/span><\/p>\n<p style=\"text-align: center;\"><span style=\"font-family: 'arial black', sans-serif; font-size: 18pt;\"><a href=\"http:\/\/porabik.pl\/komitet\/wp-content\/uploads\/2018\/07\/druzynowa-10-latkow.pdf\">Punktacja dru\u017cynowa Dru\u017cynowego Wieloboju P\u0142ywackiego dzieci 10 lat za rok 2018<\/a><\/span><\/p>\n<p style=\"text-align: center;\"><span style=\"font-size: 18pt;\"><span style=\"font-family: 'arial black', sans-serif;\">&#8230;&#8230;&#8230;&#8230;.<\/span><\/span><\/p>\n<p><span style=\"font-family: 'arial black', sans-serif; font-size: 18pt;\"><a href=\"http:\/\/porabik.pl\/komitet\/wp-content\/uploads\/2017\/02\/druzynowa-11lat-2.pdf\">Punktacja dru\u017cynowa Dru\u017cynowego Wieloboju P\u0142ywackiego dzieci 11 lat za rok 2017<\/a><\/span><\/p>\n<p><span style=\"font-family: 'arial black', sans-serif; font-size: 14pt;\"><a href=\"http:\/\/porabik.pl\/komitet\/wp-content\/uploads\/2017\/02\/TOP10-11lat.pdf\"><span style=\"color: #ff0000;\"><span style=\"color: #000000;\">10 najlepszych zawodniczek i zawodnik\u00f3w DWP dzieci 11 lat w roku 2017<\/span><\/span><\/a><\/span><\/p>\n<p><span style=\"font-family: 'arial black', sans-serif; font-size: 14pt;\"><a href=\"http:\/\/porabik.pl\/komitet\/wp-content\/uploads\/2017\/02\/najlepsi-11lat.pdf\"><span style=\"color: #000000;\">pe\u0142ne zestawienie klasyfikacji dziewcz\u0105t i ch\u0142opc\u00f3w 11 lat w DWP<\/span><\/a><\/span><\/p>\n<p style=\"text-align: center;\"><span style=\"font-size: 18pt;\"><span style=\"font-family: 'arial black', sans-serif;\">&#8230;&#8230;&#8230;&#8230;.<\/span><\/span><\/p>\n<p><span style=\"font-family: 'arial black', sans-serif; font-size: 18pt;\"><a href=\"http:\/\/porabik.pl\/komitet\/wp-content\/uploads\/2017\/02\/druzynowa-10lat-1.pdf\">Punktacja dru\u017cynowa Dru\u017cynowego Wieloboju P\u0142ywackiego dzieci 10 lat za rok 2017<\/a><\/span><\/p>\n<p><span style=\"font-family: 'arial black', sans-serif; font-size: 14pt; color: #000000;\"><a href=\"http:\/\/porabik.pl\/komitet\/wp-content\/uploads\/2017\/02\/TOP10-10lat-1.pdf\"><span style=\"color: #000000;\">10 najlepszych zawodniczek i zawodnik\u00f3w DWP dzieci 10 lat w roku 2017<\/span><\/a><\/span><\/p>\n<p><span style=\"font-family: 'arial black', sans-serif; font-size: 14pt; color: #000000;\"><a href=\"http:\/\/porabik.pl\/komitet\/wp-content\/uploads\/2017\/02\/najlepsi-10lat.pdf\"><span style=\"color: #000000;\">pe\u0142ne zestawienie klasyfikacji dziewcz\u0105t i ch\u0142opc\u00f3w 10 lat w DWP<\/span><\/a><\/span><\/p>\n","protected":false},"excerpt":{"rendered":"<p>Dru\u017cynowy Wielob\u00f3j P\u0142ywacki &#8211; klasyfikacja dru\u017cynowa 10 i 11 lat &#8211; punktacja dru\u017cynowa 2021 Dru\u017cynowy Wielob\u00f3j P\u0142ywacki dzieci 10 lat &#8211; punktacja dru\u017cynowa za rok 2019 Dru\u017cynowy Wielob\u00f3j P\u0142ywacki 10 lat &#8211; punktacja dru\u017cynowa za rok 2019 &#8211; szczeg\u00f3\u0142y\u00a0 \u00a0 Dru\u017cynowy Wielob\u00f3j P\u0142ywacki dzieci 11 lat &#8211; punktacja dru\u017cynowa za rok 2019 Dru\u017cynowy Wielob\u00f3j P\u0142ywacki<a class=\"moretag\" href=\"https:\/\/mozp.pl\/rekordy\/?page_id=302\"><span class=\"screen-reader-text\">Wi\u0119cej oDWPD 10\/11LAT<\/span>[&#8230;]<\/a><\/p>\n","protected":false},"author":1,"featured_media":0,"parent":0,"menu_order":0,"comment_status":"closed","ping_status":"closed","template":"","meta":[],"_links":{"self":[{"href":"https:\/\/mozp.pl\/rekordy\/index.php?rest_route=\/wp\/v2\/pages\/302"}],"collection":[{"href":"https:\/\/mozp.pl\/rekordy\/index.php?rest_route=\/wp\/v2\/pages"}],"about":[{"href":"https:\/\/mozp.pl\/rekordy\/index.php?rest_route=\/wp\/v2\/types\/page"}],"author":[{"embeddable":true,"href":"https:\/\/mozp.pl\/rekordy\/index.php?rest_route=\/wp\/v2\/users\/1"}],"replies":[{"embeddable":true,"href":"https:\/\/mozp.pl\/rekordy\/index.php?rest_route=%2Fwp%2Fv2%2Fcomments&post=302"}],"version-history":[{"count":30,"href":"https:\/\/mozp.pl\/rekordy\/index.php?rest_route=\/wp\/v2\/pages\/302\/revisions"}],"predecessor-version":[{"id":1771,"href":"https:\/\/mozp.pl\/rekordy\/index.php?rest_route=\/wp\/v2\/pages\/302\/revisions\/1771"}],"wp:attachment":[{"href":"https:\/\/mozp.pl\/rekordy\/index.php?rest_route=%2Fwp%2Fv2%2Fmedia&parent=302"}],"curies":[{"name":"wp","href":"https:\/\/api.w.org\/{rel}","templated":true}]}}