{"id":712,"date":"2017-05-14T19:52:51","date_gmt":"2017-05-14T19:52:51","guid":{"rendered":"http:\/\/porabik.pl\/komitet\/?page_id=712"},"modified":"2020-09-07T13:08:36","modified_gmt":"2020-09-07T13:08:36","slug":"historia-rekordow-polski-50m","status":"publish","type":"page","link":"https:\/\/mozp.pl\/rekordy\/?page_id=712","title":{"rendered":"Historia Rekord\u00f3w Polski p\u0142ywalnia 50m"},"content":{"rendered":"<h2><a href=\"http:\/\/porabik.pl\/komitet\/wp-content\/uploads\/2020\/09\/hist-RP-K-50m.pdf\">Historia Rekord\u00f3w Polski Kobiet na p\u0142ywalni 50m<\/a><\/h2>\n<h2><a href=\"http:\/\/porabik.pl\/komitet\/wp-content\/uploads\/2019\/05\/hist-RP-M-50m.pdf\">Historia Rekord\u00f3w Polski M\u0119\u017cczyzn na p\u0142ywalni 50m<\/a><\/h2>\n<h2><a href=\"http:\/\/porabik.pl\/komitet\/wp-content\/uploads\/2018\/02\/his-RP-sztafet-50m.pdf\">Historia Rekord\u00f3w Polski zespo\u0142\u00f3w sztafetowych na p\u0142ywalni 50m<\/a><\/h2>\n","protected":false},"excerpt":{"rendered":"<p>Historia Rekord\u00f3w Polski Kobiet na p\u0142ywalni 50m Historia Rekord\u00f3w Polski M\u0119\u017cczyzn na p\u0142ywalni 50m Historia Rekord\u00f3w Polski zespo\u0142\u00f3w sztafetowych na p\u0142ywalni 50m<\/p>\n","protected":false},"author":1,"featured_media":0,"parent":0,"menu_order":0,"comment_status":"closed","ping_status":"closed","template":"","meta":[],"_links":{"self":[{"href":"https:\/\/mozp.pl\/rekordy\/index.php?rest_route=\/wp\/v2\/pages\/712"}],"collection":[{"href":"https:\/\/mozp.pl\/rekordy\/index.php?rest_route=\/wp\/v2\/pages"}],"about":[{"href":"https:\/\/mozp.pl\/rekordy\/index.php?rest_route=\/wp\/v2\/types\/page"}],"author":[{"embeddable":true,"href":"https:\/\/mozp.pl\/rekordy\/index.php?rest_route=\/wp\/v2\/users\/1"}],"replies":[{"embeddable":true,"href":"https:\/\/mozp.pl\/rekordy\/index.php?rest_route=%2Fwp%2Fv2%2Fcomments&post=712"}],"version-history":[{"count":14,"href":"https:\/\/mozp.pl\/rekordy\/index.php?rest_route=\/wp\/v2\/pages\/712\/revisions"}],"predecessor-version":[{"id":1557,"href":"https:\/\/mozp.pl\/rekordy\/index.php?rest_route=\/wp\/v2\/pages\/712\/revisions\/1557"}],"wp:attachment":[{"href":"https:\/\/mozp.pl\/rekordy\/index.php?rest_route=%2Fwp%2Fv2%2Fmedia&parent=712"}],"curies":[{"name":"wp","href":"https:\/\/api.w.org\/{rel}","templated":true}]}}